{"id":1202,"date":"2023-04-11T08:55:03","date_gmt":"2023-04-11T08:55:03","guid":{"rendered":"https:\/\/kidsartclub-deamsterdammertjes.nl\/?page_id=1202"},"modified":"2026-03-31T20:12:41","modified_gmt":"2026-03-31T20:12:41","slug":"info","status":"publish","type":"page","link":"https:\/\/kidsartclub-deamsterdammertjes.nl\/en\/info\/","title":{"rendered":"Info"},"content":{"rendered":"<div class=\"vce-row-container\"><div class=\"vce-row vce-row--col-gap-0 vce-row-equal-height vce-row-content--middle\" data-vce-full-width=\"true\" data-vce-stretch-content=\"true\" id=\"el-048b93be\" data-vce-do-apply=\"all el-048b93be\"><div class=\"vce-content-background-container\"><\/div><div class=\"vce-row-content\" data-vce-element-content=\"true\"><div class=\"vce-col vce-col--md-auto vce-col--xs-1 vce-col--xs-last vce-col--xs-first vce-col--sm-last vce-col--sm-first vce-col--md-last vce-col--lg-last vce-col--xl-last vce-col--md-first vce-col--lg-first vce-col--xl-first\" id=\"el-f794ca3a\"><div class=\"vce-col-inner\" data-vce-do-apply=\"border margin background  el-f794ca3a\"><div class=\"vce-col-content\" data-vce-element-content=\"true\" data-vce-do-apply=\"padding el-f794ca3a\"><div class=\"vce-basic-menu-container\" id=\"el-78c960b5\" data-vce-basic-menu=\"true\" data-vce-basic-menu-to-sandwich=\"true\"><div class=\"vce-basic-menu-inner vce vce-basic-menu--style-text--color-3E3D3D vce-basic-menu--style-sub-menu-text--color-3E3D3D vce-basic-menu--style-sub-menu-background--color-b-64-239-229 vce-basic-menu--style-sub-menu-outline--color-EDEDED\" data-vce-do-apply=\"margin padding border background  el-78c960b5\" data-vce-animate=\"vce-o-animate--None\"><div class=\"vce-basic-menu\" style=\"font-size: 18px;\"><div class=\"vce-basic-menu-wrapper vce-basic-menu--alignment-center\"><nav class=\"menu-art-container\"><ul  class=\"menu\"><li class=\"menu-item menu-item-type-post_type menu-item-object-page menu-item-3765\"><a href=\"https:\/\/kidsartclub-deamsterdammertjes.nl\/en\/art_kamp_meivakantie_amsterdam\/\">ART camp<\/a><\/li>\n<li class=\"menu-item menu-item-type-post_type menu-item-object-page menu-item-700\"><a href=\"https:\/\/kidsartclub-deamsterdammertjes.nl\/en\/tekenles-schilderles-kinderen-amsterdam\/\">Schilderles\/tekenles<\/a><\/li>\n<li class=\"menu-item menu-item-type-post_type menu-item-object-page menu-item-698\"><a href=\"https:\/\/kidsartclub-deamsterdammertjes.nl\/en\/kunstclub-artclass-artclub\/\">ART club<\/a><\/li>\n<li class=\"menu-item menu-item-type-post_type menu-item-object-page menu-item-3546\"><a href=\"https:\/\/kidsartclub-deamsterdammertjes.nl\/en\/striptekenen-voor-kinderen-amsterdam\/\">Striptekenles<\/a><\/li>\n<li class=\"menu-item menu-item-type-post_type menu-item-object-page menu-item-695\"><a href=\"https:\/\/kidsartclub-deamsterdammertjes.nl\/en\/about\/\">Lesgevers<\/a><\/li>\n<li class=\"menu-item menu-item-type-post_type menu-item-object-page menu-item-876\"><a href=\"https:\/\/kidsartclub-deamsterdammertjes.nl\/en\/lesrooster\/\">schedule<\/a><\/li>\n<li class=\"menu-item menu-item-type-post_type menu-item-object-page menu-item-1212\"><a href=\"https:\/\/kidsartclub-deamsterdammertjes.nl\/en\/info\/\">Info<\/a><\/li>\n<li class=\"menu-item menu-item-type-post_type menu-item-object-page menu-item-696\"><a href=\"https:\/\/kidsartclub-deamsterdammertjes.nl\/en\/contact\/\">Contact<\/a><\/li>\n<\/ul><\/nav><\/div><\/div><div class=\"vce-basic-menu-sandwich-container\"><div class=\"vce-sandwich-menu-wrapper vce vce-sandwich-menu-shape--rounded\" id=\"el-bc9c7bb4\" data-vce-sandwich-menu=\"true\" data-vce-do-apply=\"margin el-bc9c7bb4\" style=\"--alignment: center; --iconColor: rgb(255, 159, 3); --iconHoverColor: rgb(255,188,128); --closeIconColor: rgb(255, 159, 3); --closeIconHoverColor: rgb(255,188,128); --linkColor: #EDEDED; --linkHoverColor: #f2f2f2; --overlayBackground: rgba(33,33,33,0.9); --shapeColor: rgb(157, 65, 209); --shapeHoverColor: rgb(175,116,217);\"><div class=\"vce-sandwich-menu vce-sandwich-menu--alignment-center\"><button class=\"vce-sandwich-menu-open-button\" data-vce-do-apply=\"padding border background el-bc9c7bb4\" aria-label=\"Open menu\" data-vce-sandwich-menu-open-button=\"true\"><span class=\"vce-sandwich-menu-open-button-inner\"><svg width=\"24px\" height=\"20px\" viewbox=\"0 0 24 20\"><g><rect x=\"0\" y=\"0\" width=\"24\" height=\"4\"><\/rect><rect x=\"0\" y=\"8\" width=\"24\" height=\"4\"><\/rect><rect x=\"0\" y=\"16\" width=\"24\" height=\"4\"><\/rect><\/g><\/svg><\/span><\/button><div class=\"vce-sandwich-menu-container\" data-vce-sandwich-menu-modal=\"true\"><button class=\"vce-sandwich-menu-close-button\" data-vce-do-apply=\"padding border background el-bc9c7bb4\" aria-label=\"Close menu\" data-vce-sandwich-menu-close-button=\"true\"><span class=\"vce-sandwich-menu-close-button-inner\"><svg width=\"20px\" height=\"20px\" viewbox=\"0 0 20 20\"><polygon points=\"10 7.17157288 2.92893219 0.100505063 0.100505063 2.92893219 7.17157288 10 0.100505063 17.0710678 2.92893219 19.8994949 10 12.8284271 17.0710678 19.8994949 19.8994949 17.0710678 12.8284271 10 19.8994949 2.92893219 17.0710678 0.100505063\"><\/polygon><\/svg><\/span><\/button><div class=\"vce-sandwich-menu-scroll-container\"><div class=\"vce-sandwich-menu-inner\" style=\"font-size: 18px;\"><nav class=\"menu-art-container\"><ul  class=\"\"><li class=\"menu-item menu-item-type-post_type menu-item-object-page menu-item-3765\"><a href=\"https:\/\/kidsartclub-deamsterdammertjes.nl\/en\/art_kamp_meivakantie_amsterdam\/\">ART camp<\/a><\/li>\n<li class=\"menu-item menu-item-type-post_type menu-item-object-page menu-item-700\"><a href=\"https:\/\/kidsartclub-deamsterdammertjes.nl\/en\/tekenles-schilderles-kinderen-amsterdam\/\">Schilderles\/tekenles<\/a><\/li>\n<li class=\"menu-item menu-item-type-post_type menu-item-object-page menu-item-698\"><a href=\"https:\/\/kidsartclub-deamsterdammertjes.nl\/en\/kunstclub-artclass-artclub\/\">ART club<\/a><\/li>\n<li class=\"menu-item menu-item-type-post_type menu-item-object-page menu-item-3546\"><a href=\"https:\/\/kidsartclub-deamsterdammertjes.nl\/en\/striptekenen-voor-kinderen-amsterdam\/\">Striptekenles<\/a><\/li>\n<li class=\"menu-item menu-item-type-post_type menu-item-object-page menu-item-695\"><a href=\"https:\/\/kidsartclub-deamsterdammertjes.nl\/en\/about\/\">Lesgevers<\/a><\/li>\n<li class=\"menu-item menu-item-type-post_type menu-item-object-page menu-item-876\"><a href=\"https:\/\/kidsartclub-deamsterdammertjes.nl\/en\/lesrooster\/\">schedule<\/a><\/li>\n<li class=\"menu-item menu-item-type-post_type menu-item-object-page menu-item-1212\"><a href=\"https:\/\/kidsartclub-deamsterdammertjes.nl\/en\/info\/\">Info<\/a><\/li>\n<li class=\"menu-item menu-item-type-post_type menu-item-object-page menu-item-696\"><a href=\"https:\/\/kidsartclub-deamsterdammertjes.nl\/en\/contact\/\">Contact<\/a><\/li>\n<\/ul><\/nav><\/div><\/div><\/div><\/div><\/div><\/div><\/div><\/div><\/div><\/div><\/div><\/div><\/div><\/div><div class=\"vce-row-container\"><div class=\"vce-row vce-row--col-gap-30 vce-row-equal-height vce-row-content--top\" data-vce-full-width=\"true\" id=\"el-7ced6c2c\" data-vce-do-apply=\"all el-7ced6c2c\"><div class=\"vce-content-background-container\"><\/div><div class=\"vce-row-content\" data-vce-element-content=\"true\"><div class=\"vce-col vce-col--md-auto vce-col--xs-1 vce-col--xs-last vce-col--xs-first vce-col--sm-last vce-col--sm-first vce-col--md-last vce-col--lg-last vce-col--xl-last vce-col--md-first vce-col--lg-first vce-col--xl-first\" id=\"el-468f54fd\"><div class=\"vce-col-inner\" data-vce-do-apply=\"border margin background  el-468f54fd\"><div class=\"vce-col-content\" data-vce-element-content=\"true\" data-vce-do-apply=\"padding el-468f54fd\"><div class=\"vce vce-separator-container vce-separator--align-center vce-separator--style-dotted\" id=\"el-60b3710d\" data-vce-do-apply=\"margin el-60b3710d\"><div class=\"vce-separator vce-separator--color-b-251-10-240 vce-separator--width-100 vce-separator--thickness-9\" data-vce-do-apply=\"border padding background  el-60b3710d\"><\/div><\/div><\/div><\/div><\/div><\/div><\/div><\/div><div class=\"vce-row-container\"><div class=\"vce-row vce-row--col-gap-30 vce-row-equal-height vce-row-content--top\" data-vce-full-width=\"true\" id=\"el-f00b426a\" data-vce-do-apply=\"all el-f00b426a\"><div class=\"vce-row-content\" data-vce-element-content=\"true\"><div class=\"vce-col vce-col--md-auto vce-col--xs-1 vce-col--xs-last vce-col--xs-first vce-col--sm-last vce-col--sm-first vce-col--md-last vce-col--lg-last vce-col--xl-last vce-col--md-first vce-col--lg-first vce-col--xl-first\" id=\"el-3f842687\"><div class=\"vce-col-inner\" data-vce-do-apply=\"border margin background  el-3f842687\"><div class=\"vce-col-content\" data-vce-element-content=\"true\" data-vce-do-apply=\"padding el-3f842687\"><div class=\"vce-text-block\"><div class=\"vce-text-block-wrapper vce\" id=\"el-19d3ec56\" data-vce-do-apply=\"all el-19d3ec56\"><h1 style=\"text-align: center;\"><span style=\"font-size: 36pt; font-family: Barrio;\"><strong><span style=\"color: #aa13eb;\">Info<\/span><\/strong><\/span><\/h1><\/div><\/div><\/div><\/div><\/div><\/div><\/div><\/div><div class=\"vce-row-container\"><div class=\"vce-row vce-row--col-gap-30 vce-row-equal-height vce-row-content--top\" data-vce-full-width=\"true\" id=\"el-13936cf2\" data-vce-do-apply=\"all el-13936cf2\"><div class=\"vce-content-background-container\"><\/div><div class=\"vce-row-content\" data-vce-element-content=\"true\"><div class=\"vce-col vce-col--md-auto vce-col--xs-1 vce-col--xs-last vce-col--xs-first vce-col--sm-last vce-col--sm-first vce-col--md-last vce-col--lg-last vce-col--xl-last vce-col--md-first vce-col--lg-first vce-col--xl-first\" id=\"el-dbc96ed8\"><div class=\"vce-col-inner\" data-vce-do-apply=\"border margin background  el-dbc96ed8\"><div class=\"vce-col-content\" data-vce-element-content=\"true\" data-vce-do-apply=\"padding el-dbc96ed8\"><div class=\"vce-text-block\"><div class=\"vce-text-block-wrapper vce\" id=\"el-a6401299\" data-vce-do-apply=\"all el-a6401299\"><p><span style=\"font-size: 14pt;\"><strong><span style=\"font-family: 'Balsamiq Sans';\"><span style=\"color: #0000ff;\">Sign up for classes:<\/span><span style=\"color: #000000;\"><br><\/span><\/span><\/strong><\/span><span style=\"font-family: 'Balsamiq Sans'; color: #000000;\">Via de webshop kun je de het product van de voorkeurs les en tijdstip in uw winkelwagen plaatsn. Daarno volgt er een aanmeldformulier waar u alle informatie kunt invullen. Zodra deze juist is ingevuld kunt u afrekenen.<\/span><\/p><p><span style=\"color: #000000; font-size: 14pt;\"><strong><span style=\"font-family: 'Balsamiq Sans';\"><span style=\"color: #0000ff;\">Prices:&nbsp;<\/span><br><\/span><\/strong><\/span><span style=\"font-family: 'Balsamiq Sans'; color: #000000;\">De kosten verschillen per les. Ziet u bij elk product van de &nbsp;desbetreffende lessen.<\/span><\/p><p><span style=\"font-family: 'Balsamiq Sans'; color: #000000; font-size: 14pt;\"><strong><span style=\"color: #0000ff;\">Payment:<\/span><br><\/strong><\/span><span style=\"color: #000000; font-family: Balsamiq Sans;\"><span style=\"caret-color: #000000;\">De betaling gaat via de webshop online. Betaald u liever in termijne? Neem dan contact met ons op.<\/span><\/span><\/p><p><span style=\"font-family: 'Balsamiq Sans'; color: #000000; font-size: 14pt;\"><strong><span style=\"color: #0000ff;\">cancellation:<\/span><br><\/strong><\/span><span style=\"font-family: 'Balsamiq Sans'; color: #000000;\">Annulering van deelname is mogelijk tot \u00e9\u00e9n week voor aanvang zonder dat dit financi\u00eble consequenties heeft. Bij annulering minder dan \u00e9\u00e9n week voor aanvang van het lesblok wordt er 20% van de kosten van het lesblok &nbsp;in rekening gebracht. Annuleren kan per mail. De annulering is geaccepteerd nadat je een bevestiging hebt ontvangen. Als de lessen van desbetreffende lesblok al gestart zijn is er geen mogelijkheid meer tot annulering en word het lesgeld niet gerestitueerd.&nbsp;<\/span><\/p><p><span style=\"font-family: 'Balsamiq Sans'; color: #000000; font-size: 14pt;\"><strong><span style=\"color: #0000ff;\">cancel registration<\/span><br><\/strong><\/span><span style=\"font-family: 'Balsamiq Sans'; color: #000000;\">Bij een tussentijdse opzegging blijft de verplichting tot betaling van het volledige lesgeld bestaan. Hiervan wordt slechts afgeweken als de opzegging geschiedt bij langdurige ziekte of bij verhuizing buiten de gemeente Amsterdam. In het geval van verhuizing dient een opzegtermijn van 3 weken in acht te worden genomen. Compensatie in de vorm van restitutie kan uitsluitend worden verleend bij verhuizing buiten de gemeente of bij langdurige ziekte.<\/span><br><span style=\"font-family: 'Balsamiq Sans'; color: #000000;\">For the lesson period, an agreement applies for the duration of the course. These courses cannot be canceled prematurely. Compensation in the form of a refund will not be granted<\/span><\/p><p><span style=\"font-family: 'Balsamiq Sans'; color: #000000; font-size: 14pt;\"><strong><span style=\"color: #0000ff;\">Bring child(ren):<\/span><br><\/strong><\/span><span style=\"color: #000000; font-family: 'Balsamiq Sans';\">De deur gaat 5 minuten voor aanvang open.&nbsp; Komt uw kind voor het eerst of vind uw kind het spannend dan kunt u natuurlijk zelf ook even mee naar binnen komen.<\/span><\/p><p><span style=\"font-family: 'Balsamiq Sans'; color: #000000; font-size: 14pt;\"><strong><span style=\"color: #0000ff;\">Pick up child(ren):<\/span> <br><\/strong><\/span><span style=\"font-family: 'Balsamiq Sans'; color: #000000;\">Graag buiten blijven wachten. We komen met de kinderen naar de deur als de les af is.<\/span><\/p><p><span style=\"font-family: 'Balsamiq Sans'; color: #000000; font-size: 14pt;\"><strong><span style=\"color: #0000ff;\">Absenteeism:<\/span><br><\/strong><\/span><span style=\"font-family: 'Balsamiq Sans'; color: #000000;\">If your child cannot come, please notify us in advance by e-mail ( info@kidsartclub-deamsterdammertjes.nll ) or <a class=\"cm_anchor\" style=\"color: #000000;\" href=\"https:\/\/wa.me\/message\/5EBDHWQN3Z6ZK1\" target=\"_blank\" rel=\"noreferrer noopener\">whatsapp<\/a> doorgeven. \u2028 Vanwege het feit dat er een plekje vastgehouden word voor uw kind het gehele blok word er geen geld gerestitueerd bij het missen van een les. Wel kunt u een vriendje of vriendinnetje vragen om in de plaats van uw kind te gaan. Dit wel graag van tevoren aangeven.Bij het missen van een les door pure onmacht kunnen we wel samen kijken of er ergens anders in de week nog een plek vrij is om aan te sluiten bij een les.&nbsp; Alleen bij hoge uitzondering kan in geval van aantoonbare langdurige ziekte of ernstig ongeval restitutie plaatsvinden; e.e.a. ter beoordeling van Kids art club Amsterdam.<\/span><\/p><p><span style=\"font-family: 'Balsamiq Sans'; color: #000000; font-size: 14pt;\"><strong><span style=\"color: #0000ff;\">School holidays:<\/span><br><\/strong><\/span><span style=\"color: #000000; font-family: 'Balsamiq Sans';\">Tijdens schoolvakanties is er geen les.&nbsp; Het kan zijn dat Kids art club Amsterdam workshops of ART kamp organiseert in de vakantie waarvoor je je extra op kunt geven.<\/span><\/p><p><span style=\"font-family: 'Balsamiq Sans'; color: #000000; font-size: 14pt;\"><strong><span style=\"color: #0000ff;\">Clothing:<\/span><br><\/strong><\/span><span style=\"color: #000000; font-family: 'Balsamiq Sans';\">Het word aanbevolen om de kinderen oude kleding aan te doen aangezien er verf, lijm of dergelijke materialen gekliederd kunnen worden. Kids art club Amsterdam is niet aansprakelijk voor vlekken in de kleding.<\/span><\/p><p><span style=\"font-size: 14pt; color: #0000ff;\"><strong><span style=\"font-family: 'Balsamiq Sans';\">Does your child find it exciting and are you not sure if he\/she dares to participate?<\/span><\/strong><\/span><span style=\"font-family: 'Balsamiq Sans'; color: #000000;\">Het is mogelijk om een proefles te volgen. De kosten van een proefles bedragen 15 euro.<\/span><\/p><p><span style=\"font-family: 'Balsamiq Sans'; color: #0000ff; font-size: 14pt;\"><strong>Participate in a single lesson or bring a friend?<br><\/strong><\/span><span style=\"font-family: 'Balsamiq Sans'; color: #000000;\">Dit is mogelijk als er plek vrij is. Stuur mij een <a class=\"cm_anchor\" style=\"color: #000000;\" href=\"https:\/\/wa.me\/message\/5EBDHWQN3Z6ZK1\" target=\"_blank\" rel=\"noreferrer noopener\">whatsapp<\/a> bericht om te vragen of er plek vrij is in de les.&nbsp;&nbsp;De prijs van een losse les word dan in rekening gebracht.&nbsp; Ouders met kinderen die zich inschrijven voor een heel lessen blok hebben voorrang op losse lessen.<\/span><\/p><p><span style=\"font-family: 'Balsamiq Sans'; color: #000000; font-size: 14pt;\"><strong><span style=\"color: #0000ff;\">Group size:<\/span><br><\/strong><\/span><span style=\"color: #000000; font-family: 'Balsamiq Sans';\">Om alle kinderen voldoende aandacht en begeleiding te kunnen bieden is de groepsgrootte max. 13 kinderen.&nbsp;<\/span><\/p><p><span style=\"font-family: 'Balsamiq Sans'; color: #000000; font-size: 14pt;\"><strong><span style=\"color: #0000ff;\">inflow in the meantime:<\/span><br><\/strong><\/span><span style=\"color: #000000; font-family: 'Balsamiq Sans';\">If there are free places in a group, you can join at any time. The amount of the remaining number of lessons of the series will then be charged.&nbsp;<\/span><\/p><p><span style=\"font-family: 'Balsamiq Sans'; color: #0000ff; font-size: 14pt;\"><strong>Use of photos:<br><\/strong><\/span><span style=\"font-family: 'Balsamiq Sans'; color: #000000;\">Om ouders en ge\u00efnteresseerden een indruk te geven van de kunstwerken, werkwijze en sfeer van Kids art club Amsterdam worden er tijdens de lessen foto\u2019s gemaakt.&nbsp; De foto\u2019s kunnen gebruikt worden voor reclame en social media doeleinden.<\/span><br><span style=\"font-family: 'Balsamiq Sans'; color: #000000;\">In the contact form for registration you can indicate whether you object to this. If you object to this, you can also let me know via email or the contact form.<\/span><\/p><\/div><\/div><\/div><\/div><\/div><\/div><\/div><\/div><div class=\"vce-row-container\"><div class=\"vce-row vce-row--col-gap-30 vce-row-equal-height vce-row-content--top\" data-vce-full-width=\"true\" id=\"el-16b981bd\" data-vce-do-apply=\"all el-16b981bd\"><div class=\"vce-content-background-container\"><\/div><div class=\"vce-row-content\" data-vce-element-content=\"true\"><div class=\"vce-col vce-col--md-auto vce-col--xs-1 vce-col--xs-last vce-col--xs-first vce-col--sm-last vce-col--sm-first vce-col--md-last vce-col--lg-last vce-col--xl-last vce-col--md-first vce-col--lg-first vce-col--xl-first\" id=\"el-3339d362\"><div class=\"vce-col-inner\" data-vce-do-apply=\"border margin background  el-3339d362\"><div class=\"vce-col-content\" data-vce-element-content=\"true\" data-vce-do-apply=\"padding el-3339d362\"><div class=\"vce vce-separator-container vce-separator--align-center vce-separator--style-dotted\" id=\"el-33529c24\" data-vce-do-apply=\"margin el-33529c24\"><div class=\"vce-separator vce-separator--color-b-251-10-240 vce-separator--width-100 vce-separator--thickness-9\" data-vce-do-apply=\"border padding background  el-33529c24\"><\/div><\/div><\/div><\/div><\/div><\/div><\/div><\/div>","protected":false},"excerpt":{"rendered":"<p>InfoAanmelden voor de lessen:Via de webshop kun je de het product van de voorkeurs les en tijdstip in uw winkelwagen plaatsn. Daarno volgt er een aanmeldformulier waar u alle informatie kunt invullen. Zodra deze juist is ingevuld kunt u afrekenen.Kosten:&nbsp;De kosten verschillen per les. Ziet u bij elk product van de &nbsp;desbetreffende lessen.Betaling:De betaling gaat [&hellip;]<\/p>\n","protected":false},"author":1,"featured_media":0,"parent":0,"menu_order":0,"comment_status":"closed","ping_status":"closed","template":"","meta":{"_acf_changed":false,"footnotes":""},"class_list":["post-1202","page","type-page","status-publish","hentry"],"acf":[],"_links":{"self":[{"href":"https:\/\/kidsartclub-deamsterdammertjes.nl\/en\/wp-json\/wp\/v2\/pages\/1202","targetHints":{"allow":["GET"]}}],"collection":[{"href":"https:\/\/kidsartclub-deamsterdammertjes.nl\/en\/wp-json\/wp\/v2\/pages"}],"about":[{"href":"https:\/\/kidsartclub-deamsterdammertjes.nl\/en\/wp-json\/wp\/v2\/types\/page"}],"author":[{"embeddable":true,"href":"https:\/\/kidsartclub-deamsterdammertjes.nl\/en\/wp-json\/wp\/v2\/users\/1"}],"replies":[{"embeddable":true,"href":"https:\/\/kidsartclub-deamsterdammertjes.nl\/en\/wp-json\/wp\/v2\/comments?post=1202"}],"version-history":[{"count":22,"href":"https:\/\/kidsartclub-deamsterdammertjes.nl\/en\/wp-json\/wp\/v2\/pages\/1202\/revisions"}],"predecessor-version":[{"id":3948,"href":"https:\/\/kidsartclub-deamsterdammertjes.nl\/en\/wp-json\/wp\/v2\/pages\/1202\/revisions\/3948"}],"wp:attachment":[{"href":"https:\/\/kidsartclub-deamsterdammertjes.nl\/en\/wp-json\/wp\/v2\/media?parent=1202"}],"curies":[{"name":"wp","href":"https:\/\/api.w.org\/{rel}","templated":true}]}}